{"id":1525,"date":"2021-07-27T12:09:25","date_gmt":"2021-07-27T15:09:25","guid":{"rendered":"http:\/\/labobina.cl\/?post_type=product&#038;p=1525"},"modified":"2024-03-01T13:54:07","modified_gmt":"2024-03-01T16:54:07","slug":"boton-pulsador","status":"publish","type":"product","link":"https:\/\/labobina.cl\/?product=boton-pulsador","title":{"rendered":"BOT\u00d3N PULSADOR"},"content":{"rendered":"<p>Bot\u00f3n Pulsador switch on-off para M\u00e1quina Industrial y Overlock<\/p>\n","protected":false},"excerpt":{"rendered":"<p>Bot\u00f3n Pulsador switch on-off para M\u00e1quina Industrial y Overlock<\/p>\n","protected":false},"featured_media":1526,"template":"","meta":[],"product_cat":[46,45],"product_tag":[],"_links":{"self":[{"href":"https:\/\/labobina.cl\/index.php?rest_route=\/wp\/v2\/product\/1525"}],"collection":[{"href":"https:\/\/labobina.cl\/index.php?rest_route=\/wp\/v2\/product"}],"about":[{"href":"https:\/\/labobina.cl\/index.php?rest_route=\/wp\/v2\/types\/product"}],"wp:featuredmedia":[{"embeddable":true,"href":"https:\/\/labobina.cl\/index.php?rest_route=\/wp\/v2\/media\/1526"}],"wp:attachment":[{"href":"https:\/\/labobina.cl\/index.php?rest_route=%2Fwp%2Fv2%2Fmedia&parent=1525"}],"wp:term":[{"taxonomy":"product_cat","embeddable":true,"href":"https:\/\/labobina.cl\/index.php?rest_route=%2Fwp%2Fv2%2Fproduct_cat&post=1525"},{"taxonomy":"product_tag","embeddable":true,"href":"https:\/\/labobina.cl\/index.php?rest_route=%2Fwp%2Fv2%2Fproduct_tag&post=1525"}],"curies":[{"name":"wp","href":"https:\/\/api.w.org\/{rel}","templated":true}]}}